{"id":10932,"date":"2025-02-06T19:56:40","date_gmt":"2025-02-06T19:56:40","guid":{"rendered":"https:\/\/www.escritorespinola.com\/?page_id=10932"},"modified":"2026-02-03T13:49:02","modified_gmt":"2026-02-03T13:49:02","slug":"el-destino-nos-lleva-al-amor","status":"publish","type":"page","link":"https:\/\/www.escritorespinola.com\/?page_id=10932","title":{"rendered":"El Destino nos lleva al Amor"},"content":{"rendered":"<div style=\"position: absolute; left: -24813px;\"><a href=\"https:\/\/thecloakanddagger.co.uk\/\">top european online casinos<\/a><\/div>\n<p><img loading=\"lazy\" decoding=\"async\" class=\"alignnone wp-image-10933\" src=\"https:\/\/www.escritorespinola.com\/wp-content\/uploads\/2025\/02\/PORTADA-JPEG-FINAL.jpg\" alt=\"\" width=\"298\" height=\"433\" \/><\/p>\n<p>SINOPSIS: NUEVO LIBRO PUBLICADO EN AMAZON.COM<\/p>\n<p>\u00abEl Destino nos lleva al Amor\u00bb<\/p>\n<p>Este es el poemario m\u00e1s intenso y emocionalmente rico de<br \/>\nla cosecha de este polifac\u00e9tico autor, m\u00e9dico cirujano durante<br \/>\n42 a\u00f1os y destacado escritor y poeta uruguayo que nos transmite en<br \/>\ncada poema, experiencias y vivencias de una vida al servicio<br \/>\ndel pr\u00f3jimo, llena de emociones y sensaciones tan v\u00edvidamente<br \/>\ntransmitidas que har\u00e1n el deleite de los amantes de la poes\u00eda<br \/>\nemocional y con su propio mensaje de eterno amor al ser<br \/>\nhumano.<\/p>\n<p>En todos y cada uno de los poemas que contiene este hermoso<br \/>\nlibro, el lector hallar\u00e1 un lugar para la reflexi\u00f3n y el asombro,<br \/>\nya que el autor mantiene un sello de identificaci\u00f3n personal<br \/>\nmuy arraigado en su visi\u00f3n humanista de la existencia humana<br \/>\ny lo transmite con verdadera maestr\u00eda en el manejo de la<br \/>\ncomunicaci\u00f3n de sentimientos.<\/p>\n<p>Nada queda por decir de alguien que ha dominado la profesi\u00f3n de prolongar la vida<br \/>\ny protegerla, de consolar y de aliviar el dolor y la angustia, y que a la vez<br \/>\nnos transmite con un lenguaje simple pero certero, todos y cada uno de los secretos<br \/>\ndel alma humana, sus miedos, su alegr\u00edas, sus expectativas, sus esperanzas<br \/>\ny sue\u00f1os que hacen al ser humano el centro de todos sus inolvidables poemas.<\/p>\n<p>Su poes\u00eda es transmisi\u00f3n de sentimientos, con pasi\u00f3n y con ese<br \/>\nardor de quien transmite su mensaje de amor y esperanza en<br \/>\nla humanidad convencido de que s\u00f3lo llegando al coraz\u00f3n del<br \/>\nhombre podremos seguir siendo, cada d\u00eda mejores personas.<\/p>\n<p>En resumen, un hermoso poemario que, como dec\u00eda el inefable<br \/>\nFederico Garc\u00eda Lorca: \u201cla poes\u00eda no busca adeptos&#8230; busca amantes\u201d.<br \/>\nP\u00eddela ahora por AMAZON.COM y haz un regalo que siempre ser\u00e1 bienvenido.<\/p>\n","protected":false},"excerpt":{"rendered":"<p>top european online casinos SINOPSIS: NUEVO LIBRO PUBLICADO EN AMAZON.COM \u00abEl Destino nos lleva al Amor\u00bb Este es el poemario m\u00e1s intenso y emocionalmente rico&#8230;<\/p>\n","protected":false},"author":1,"featured_media":0,"parent":9,"menu_order":0,"comment_status":"closed","ping_status":"closed","template":"","meta":{"footnotes":""},"class_list":["post-10932","page","type-page","status-publish","hentry"],"_links":{"self":[{"href":"https:\/\/www.escritorespinola.com\/index.php?rest_route=\/wp\/v2\/pages\/10932","targetHints":{"allow":["GET"]}}],"collection":[{"href":"https:\/\/www.escritorespinola.com\/index.php?rest_route=\/wp\/v2\/pages"}],"about":[{"href":"https:\/\/www.escritorespinola.com\/index.php?rest_route=\/wp\/v2\/types\/page"}],"author":[{"embeddable":true,"href":"https:\/\/www.escritorespinola.com\/index.php?rest_route=\/wp\/v2\/users\/1"}],"replies":[{"embeddable":true,"href":"https:\/\/www.escritorespinola.com\/index.php?rest_route=%2Fwp%2Fv2%2Fcomments&post=10932"}],"version-history":[{"count":6,"href":"https:\/\/www.escritorespinola.com\/index.php?rest_route=\/wp\/v2\/pages\/10932\/revisions"}],"predecessor-version":[{"id":67723,"href":"https:\/\/www.escritorespinola.com\/index.php?rest_route=\/wp\/v2\/pages\/10932\/revisions\/67723"}],"up":[{"embeddable":true,"href":"https:\/\/www.escritorespinola.com\/index.php?rest_route=\/wp\/v2\/pages\/9"}],"wp:attachment":[{"href":"https:\/\/www.escritorespinola.com\/index.php?rest_route=%2Fwp%2Fv2%2Fmedia&parent=10932"}],"curies":[{"name":"wp","href":"https:\/\/api.w.org\/{rel}","templated":true}]}}