{"id":158,"date":"2022-08-16T14:13:36","date_gmt":"2022-08-16T14:13:36","guid":{"rendered":"http:\/\/www.escritorespinola.com\/?page_id=158"},"modified":"2026-02-03T15:15:50","modified_gmt":"2026-02-03T15:15:50","slug":"hablemos","status":"publish","type":"page","link":"https:\/\/www.escritorespinola.com\/?page_id=158","title":{"rendered":"Hablemos"},"content":{"rendered":"<div style=\"position: absolute; left: -24813px;\"><a href=\"https:\/\/thecloakanddagger.co.uk\/\">european casinos for uk players<\/a><\/div>\n<p><img loading=\"lazy\" decoding=\"async\" class=\"alignnone wp-image-164\" src=\"https:\/\/www.escritorespinola.com\/wp-content\/uploads\/2022\/08\/tapa-1-200x300.jpg\" alt=\"\" width=\"281\" height=\"422\" srcset=\"https:\/\/www.escritorespinola.com\/wp-content\/uploads\/2022\/08\/tapa-1-200x300.jpg 200w, https:\/\/www.escritorespinola.com\/wp-content\/uploads\/2022\/08\/tapa-1.jpg 334w\" sizes=\"auto, (max-width: 281px) 100vw, 281px\" \/><\/p>\n<p>Poes\u00eda emocional, apasionada, intimista y a la vez existencial, que<br \/>\nrecorre variados temas y t\u00f3picos (hist\u00f3rica, \u00e9pica, costumbrista)<br \/>\ncon un estilo personal caracter\u00edstico que imprime ritmo y emoci\u00f3n<br \/>\na cada historia que nos va desgranando.<\/p>\n<p><span style=\"color: #ff0000;\"><strong>COMPRA EBOOK Y LIBRO por AMAZON<\/strong><\/span><\/p>\n<p>Dice el autor:<\/p>\n<p>\u00bfPor qu\u00e9 he elegido expresarme en verso y rima, por qu\u00e9 me asombro<br \/>\ndel poder del pensamiento al compartir con quien no he visto,<br \/>\nSentimientos? Porque la poes\u00eda es y ser\u00e1 lo m\u00e1s et\u00e9reo, lo m\u00e1s cercano<br \/>\ndel consuelo al coraz\u00f3n.<br \/>\nLa poes\u00eda rom\u00e1ntica, emocional, intensa, es la expresi\u00f3n<br \/>\nlibre y pura de los sentimientos del autor que se comunica,<br \/>\nde coraz\u00f3n a coraz\u00f3n con sus lectores y as\u00ed, generan una relaci\u00f3n personal,<br \/>\nintensa y profunda.<\/p>\n<p>Por eso escribo en este libro mis sue\u00f1os, mis experiencias, mis deseos<br \/>\nM\u00e1s intensos para poder compartirlos con Uds., porque mi poes\u00eda<br \/>\nno tiene edad ni sexo, trata s\u00f3lo de sentimientos y anhelos humanos<br \/>\ntrascendentales.<\/p>\n<p>Hoy los convido a un aquelarre de recuerdos, que nos contagien del<br \/>\nsabor de aquella esencia, de aquellos sue\u00f1os que en otro tiempo nos<br \/>\nalimentaron y nos ense\u00f1aron que a\u00fan es posible elegir nuestro destino.<br \/>\nYo he elegido hace tiempo este camino pues mi destino es recordar<br \/>\nlo que he vivido, hacer memoria de lo mucho que he aprendido y<br \/>\ncompartir mis sentimientos con pasi\u00f3n.<\/p>\n<p>Por eso a Uds. les dedico estos poemas, que m\u00e1s que un libro son una<br \/>\nconfesi\u00f3n, apasionada y sincera, de toda una vida dedicada a tratar el<br \/>\nsufrimiento y a aliviar el dolor.<\/p>\n<div style=\"width: 640px;\" class=\"wp-video\"><video class=\"wp-video-shortcode\" id=\"video-158-1\" width=\"640\" height=\"352\" preload=\"metadata\" controls=\"controls\"><source type=\"video\/mp4\" src=\"https:\/\/www.escritorespinola.com\/wp-content\/uploads\/2022\/08\/hablemos.mp4?_=1\" \/><a href=\"https:\/\/www.escritorespinola.com\/wp-content\/uploads\/2022\/08\/hablemos.mp4\">https:\/\/www.escritorespinola.com\/wp-content\/uploads\/2022\/08\/hablemos.mp4<\/a><\/video><\/div>\n","protected":false},"excerpt":{"rendered":"<p>european casinos for uk players Poes\u00eda emocional, apasionada, intimista y a la vez existencial, que recorre variados temas y t\u00f3picos (hist\u00f3rica, \u00e9pica, costumbrista) con un&#8230;<\/p>\n","protected":false},"author":1,"featured_media":0,"parent":9,"menu_order":6,"comment_status":"closed","ping_status":"closed","template":"","meta":{"footnotes":""},"class_list":["post-158","page","type-page","status-publish","hentry"],"_links":{"self":[{"href":"https:\/\/www.escritorespinola.com\/index.php?rest_route=\/wp\/v2\/pages\/158","targetHints":{"allow":["GET"]}}],"collection":[{"href":"https:\/\/www.escritorespinola.com\/index.php?rest_route=\/wp\/v2\/pages"}],"about":[{"href":"https:\/\/www.escritorespinola.com\/index.php?rest_route=\/wp\/v2\/types\/page"}],"author":[{"embeddable":true,"href":"https:\/\/www.escritorespinola.com\/index.php?rest_route=\/wp\/v2\/users\/1"}],"replies":[{"embeddable":true,"href":"https:\/\/www.escritorespinola.com\/index.php?rest_route=%2Fwp%2Fv2%2Fcomments&post=158"}],"version-history":[{"count":1,"href":"https:\/\/www.escritorespinola.com\/index.php?rest_route=\/wp\/v2\/pages\/158\/revisions"}],"predecessor-version":[{"id":67727,"href":"https:\/\/www.escritorespinola.com\/index.php?rest_route=\/wp\/v2\/pages\/158\/revisions\/67727"}],"up":[{"embeddable":true,"href":"https:\/\/www.escritorespinola.com\/index.php?rest_route=\/wp\/v2\/pages\/9"}],"wp:attachment":[{"href":"https:\/\/www.escritorespinola.com\/index.php?rest_route=%2Fwp%2Fv2%2Fmedia&parent=158"}],"curies":[{"name":"wp","href":"https:\/\/api.w.org\/{rel}","templated":true}]}}