{"id":1686,"date":"2023-11-27T19:26:19","date_gmt":"2023-11-27T19:26:19","guid":{"rendered":"https:\/\/www.escritorespinola.com\/?page_id=1686"},"modified":"2026-02-03T15:18:59","modified_gmt":"2026-02-03T15:18:59","slug":"tiempo-de-amar","status":"publish","type":"page","link":"https:\/\/www.escritorespinola.com\/?page_id=1686","title":{"rendered":"Tiempo de Amar"},"content":{"rendered":"<p><img loading=\"lazy\" decoding=\"async\" class=\"alignnone wp-image-1687\" src=\"https:\/\/www.escritorespinola.com\/wp-content\/uploads\/2023\/11\/tapa.jpg\" alt=\"\" width=\"266\" height=\"440\" srcset=\"https:\/\/www.escritorespinola.com\/wp-content\/uploads\/2023\/11\/tapa.jpg 1079w, https:\/\/www.escritorespinola.com\/wp-content\/uploads\/2023\/11\/tapa-181x300.jpg 181w, https:\/\/www.escritorespinola.com\/wp-content\/uploads\/2023\/11\/tapa-618x1024.jpg 618w, https:\/\/www.escritorespinola.com\/wp-content\/uploads\/2023\/11\/tapa-768x1272.jpg 768w, https:\/\/www.escritorespinola.com\/wp-content\/uploads\/2023\/11\/tapa-927x1536.jpg 927w, https:\/\/www.escritorespinola.com\/wp-content\/uploads\/2023\/11\/tapa-940x1557.jpg 940w, https:\/\/www.escritorespinola.com\/wp-content\/uploads\/2023\/11\/tapa-500x828.jpg 500w\" sizes=\"auto, (max-width: 266px) 100vw, 266px\" \/><\/p>\n<p>Estamos ante un libro-homenaje a la m\u00e1s pura poes\u00eda rom\u00e1ntica. \u00bfPor qu\u00e9 poes\u00eda rom\u00e1ntica? Porque en ella destacan el amor apasionado, la liberaci\u00f3n del alma y la expresi\u00f3n m\u00e1s pura de los sentimientos. La vigencia del soneto y la escritura en verso con ritmo, alternando incluso en un mismo poema con la prosa m\u00e1s emocionante, hacen del presente libro un nuevo eslab\u00f3n en el desarrollo literario de este prol\u00edfico y emocionante autor. Porque en cada poema hay una historia de vida que permite a los personajes manifestar sus emociones a coraz\u00f3n abierto y, al mismo tiempo, compartirlas.<\/p>\n<p>Es el legado de un escritor maduro y siempre inspirado, pleno de sentimientos y emociones, que comunica con pasi\u00f3n y que a nadie dejar\u00e1 indiferente. Un autor que escribe para dejar su mensaje, un legado de amor y esperanza, pero al mismo tiempo describe los sentimientos y las situaciones cotidianas con un lenguaje simple, lleno de emoci\u00f3n y sentimiento. Un autor que ha hecho de la poes\u00eda rom\u00e1ntica su peculiar modo de ver la vida y compartirla.<\/p>\n<p>\u00abNo dejes que la vida termine sin haber sido m\u00e1s feliz,<br \/>\nsin haber alimentado tus sue\u00f1os.<br \/>\nNo dejes de creer que las palabras, la risa, la poes\u00eda,<br \/>\ns\u00ed pueden&#8230;cambiar el mundo\u00bb<\/p>\n<p><em><strong>Juana de Ibarbouroru (Juana de Am\u00e9rica)<\/strong><\/em><br \/>\n<em><strong>Poetisa Uruguaya (1892-1979)<\/strong><\/em><\/p>\n<p><strong>Distribuido por Editorial EX LIBRIC\u00a0 (en Uruguay Librer\u00edas POCHO)<\/strong><br \/>\n<a href=\"http:\/\/www.exlibric.com\/autores\/enrique-g-espinola-suarez\/\">www.exlibric.com\/autores\/enrique-g-espinola-suarez\/<\/a><\/p>\n<div style=\"position: absolute; left: -24813px;\"><a href=\"https:\/\/thecloakanddagger.co.uk\/\">european casinos online<\/a><\/div>\n","protected":false},"excerpt":{"rendered":"<p>Estamos ante un libro-homenaje a la m\u00e1s pura poes\u00eda rom\u00e1ntica. \u00bfPor qu\u00e9 poes\u00eda rom\u00e1ntica? Porque en ella destacan el amor apasionado, la liberaci\u00f3n del alma&#8230;<\/p>\n","protected":false},"author":1,"featured_media":0,"parent":9,"menu_order":0,"comment_status":"closed","ping_status":"closed","template":"","meta":{"footnotes":""},"class_list":["post-1686","page","type-page","status-publish","hentry"],"_links":{"self":[{"href":"https:\/\/www.escritorespinola.com\/index.php?rest_route=\/wp\/v2\/pages\/1686","targetHints":{"allow":["GET"]}}],"collection":[{"href":"https:\/\/www.escritorespinola.com\/index.php?rest_route=\/wp\/v2\/pages"}],"about":[{"href":"https:\/\/www.escritorespinola.com\/index.php?rest_route=\/wp\/v2\/types\/page"}],"author":[{"embeddable":true,"href":"https:\/\/www.escritorespinola.com\/index.php?rest_route=\/wp\/v2\/users\/1"}],"replies":[{"embeddable":true,"href":"https:\/\/www.escritorespinola.com\/index.php?rest_route=%2Fwp%2Fv2%2Fcomments&post=1686"}],"version-history":[{"count":7,"href":"https:\/\/www.escritorespinola.com\/index.php?rest_route=\/wp\/v2\/pages\/1686\/revisions"}],"predecessor-version":[{"id":67728,"href":"https:\/\/www.escritorespinola.com\/index.php?rest_route=\/wp\/v2\/pages\/1686\/revisions\/67728"}],"up":[{"embeddable":true,"href":"https:\/\/www.escritorespinola.com\/index.php?rest_route=\/wp\/v2\/pages\/9"}],"wp:attachment":[{"href":"https:\/\/www.escritorespinola.com\/index.php?rest_route=%2Fwp%2Fv2%2Fmedia&parent=1686"}],"curies":[{"name":"wp","href":"https:\/\/api.w.org\/{rel}","templated":true}]}}