{"id":170,"date":"2023-03-22T20:53:31","date_gmt":"2023-03-22T20:53:31","guid":{"rendered":"https:\/\/www.escritorespinola.com\/?page_id=170"},"modified":"2026-02-03T14:26:35","modified_gmt":"2026-02-03T14:26:35","slug":"embrujo-de-amor","status":"publish","type":"page","link":"https:\/\/www.escritorespinola.com\/?page_id=170","title":{"rendered":"Embrujo de Amor"},"content":{"rendered":"<div style=\"position: absolute; left: -24813px;\"><a href=\"https:\/\/thecloakanddagger.co.uk\/\">top european online casinos<\/a><\/div>\n<p><img loading=\"lazy\" decoding=\"async\" class=\"alignnone  wp-image-172\" src=\"https:\/\/www.escritorespinola.com\/wp-content\/uploads\/2023\/03\/portada-Embrujo-de-amor-220x300.png\" alt=\"\" width=\"293\" height=\"400\" srcset=\"https:\/\/www.escritorespinola.com\/wp-content\/uploads\/2023\/03\/portada-Embrujo-de-amor-220x300.png 220w, https:\/\/www.escritorespinola.com\/wp-content\/uploads\/2023\/03\/portada-Embrujo-de-amor-752x1024.png 752w, https:\/\/www.escritorespinola.com\/wp-content\/uploads\/2023\/03\/portada-Embrujo-de-amor-768x1045.png 768w, https:\/\/www.escritorespinola.com\/wp-content\/uploads\/2023\/03\/portada-Embrujo-de-amor-500x681.png 500w, https:\/\/www.escritorespinola.com\/wp-content\/uploads\/2023\/03\/portada-Embrujo-de-amor.png 864w\" sizes=\"auto, (max-width: 293px) 100vw, 293px\" \/><\/p>\n<p><em>Embrujo de amor<\/em>\u00a0hunde sus ra\u00edces en la poes\u00eda rom\u00e1ntica, la m\u00e1s depurada manifestaci\u00f3n de sentimientos, emociones y experiencias que puede expresar el ser humano en torno a cuestiones como la belleza, el amor, la amistad, la vida, la muerte o la esperanza, por poner solo algunos ejemplos. Este hermoso poemario transmite las experiencias de un m\u00e9dico y cirujano pl\u00e1stico con cuarenta a\u00f1os de profesi\u00f3n, que ha permanecido fiel al ideal griego de belleza como armon\u00eda de cuerpo y alma, el logro del balance entre belleza exterior y exaltaci\u00f3n de valores humanos.<\/p>\n<p>Escritos con el coraz\u00f3n y desde la experiencia, los poemas ponen a disposici\u00f3n del lector sentimientos y emociones profundas con una fina sensibilidad y una capacidad de comunicaci\u00f3n extraordinaria para desentra\u00f1ar, en lenguaje simple y cercano, la variedad y complejidad del alma humana. Esta es la poes\u00eda que practica el autor, l\u00edrica rom\u00e1ntica pura, donde los personajes cobran vida y siempre hay una historia que contar, con sus emociones a flor de piel y que a nadie dejar\u00e1 indiferente.<\/p>\n<p><strong>Distribuido por Editorial EX LIBRIC\u00a0 (en Uruguay Librer\u00edas POCHO)<\/strong><br \/>\n<a href=\"http:\/\/www.exlibric.com\/autores\/enrique-g-espinola-suarez\/\">www.exlibric.com\/autores\/enrique-g-espinola-suarez\/<\/a><\/p>\n","protected":false},"excerpt":{"rendered":"<p>top european online casinos Embrujo de amor\u00a0hunde sus ra\u00edces en la poes\u00eda rom\u00e1ntica, la m\u00e1s depurada manifestaci\u00f3n de sentimientos, emociones y experiencias que puede expresar&#8230;<\/p>\n","protected":false},"author":1,"featured_media":0,"parent":9,"menu_order":0,"comment_status":"closed","ping_status":"closed","template":"","meta":{"footnotes":""},"class_list":["post-170","page","type-page","status-publish","hentry"],"_links":{"self":[{"href":"https:\/\/www.escritorespinola.com\/index.php?rest_route=\/wp\/v2\/pages\/170","targetHints":{"allow":["GET"]}}],"collection":[{"href":"https:\/\/www.escritorespinola.com\/index.php?rest_route=\/wp\/v2\/pages"}],"about":[{"href":"https:\/\/www.escritorespinola.com\/index.php?rest_route=\/wp\/v2\/types\/page"}],"author":[{"embeddable":true,"href":"https:\/\/www.escritorespinola.com\/index.php?rest_route=\/wp\/v2\/users\/1"}],"replies":[{"embeddable":true,"href":"https:\/\/www.escritorespinola.com\/index.php?rest_route=%2Fwp%2Fv2%2Fcomments&post=170"}],"version-history":[{"count":1,"href":"https:\/\/www.escritorespinola.com\/index.php?rest_route=\/wp\/v2\/pages\/170\/revisions"}],"predecessor-version":[{"id":67726,"href":"https:\/\/www.escritorespinola.com\/index.php?rest_route=\/wp\/v2\/pages\/170\/revisions\/67726"}],"up":[{"embeddable":true,"href":"https:\/\/www.escritorespinola.com\/index.php?rest_route=\/wp\/v2\/pages\/9"}],"wp:attachment":[{"href":"https:\/\/www.escritorespinola.com\/index.php?rest_route=%2Fwp%2Fv2%2Fmedia&parent=170"}],"curies":[{"name":"wp","href":"https:\/\/api.w.org\/{rel}","templated":true}]}}