{"id":2,"date":"2022-07-08T04:03:40","date_gmt":"2022-07-08T04:03:40","guid":{"rendered":"http:\/\/www.escritorespinola.com\/?page_id=2"},"modified":"2025-03-19T22:20:05","modified_gmt":"2025-03-19T22:20:05","slug":"sample-page","status":"publish","type":"page","link":"https:\/\/www.escritorespinola.com\/","title":{"rendered":"Bienvenida"},"content":{"rendered":"<h3><\/h3>\n<h3><img loading=\"lazy\" decoding=\"async\" class=\"wp-image-96 aligncenter\" src=\"https:\/\/www.escritorespinola.com\/wp-content\/uploads\/2022\/07\/fondo-sidebar-6.jpg\" alt=\"\" width=\"443\" height=\"277\" srcset=\"https:\/\/www.escritorespinola.com\/wp-content\/uploads\/2022\/07\/fondo-sidebar-6.jpg 728w, https:\/\/www.escritorespinola.com\/wp-content\/uploads\/2022\/07\/fondo-sidebar-6-300x188.jpg 300w, https:\/\/www.escritorespinola.com\/wp-content\/uploads\/2022\/07\/fondo-sidebar-6-500x313.jpg 500w\" sizes=\"auto, (max-width: 443px) 100vw, 443px\" \/><\/h3>\n<p style=\"text-align: center;\"><em><strong>\u00abBUSCANDO EL AMOR es el camino que recorremos desde el nacimiento hasta el final&#8230;y la poes\u00eda es la compa\u00f1\u00eda que nos consuela y lo embellece\u00bb<\/strong><\/em><\/p>\n<p style=\"text-align: center;\"><em><strong>Enrique Esp\u00ednola.<br \/>\n<\/strong><\/em><img loading=\"lazy\" decoding=\"async\" class=\"alignnone wp-image-112 size-medium\" src=\"https:\/\/www.escritorespinola.com\/wp-content\/uploads\/2022\/07\/raya-300x86.jpg\" alt=\"\" width=\"300\" height=\"86\" srcset=\"https:\/\/www.escritorespinola.com\/wp-content\/uploads\/2022\/07\/raya-300x86.jpg 300w, https:\/\/www.escritorespinola.com\/wp-content\/uploads\/2022\/07\/raya-1024x292.jpg 1024w, https:\/\/www.escritorespinola.com\/wp-content\/uploads\/2022\/07\/raya-768x219.jpg 768w, https:\/\/www.escritorespinola.com\/wp-content\/uploads\/2022\/07\/raya-940x268.jpg 940w, https:\/\/www.escritorespinola.com\/wp-content\/uploads\/2022\/07\/raya-500x143.jpg 500w, https:\/\/www.escritorespinola.com\/wp-content\/uploads\/2022\/07\/raya.jpg 1321w\" sizes=\"auto, (max-width: 300px) 100vw, 300px\" \/><\/p>\n","protected":false},"excerpt":{"rendered":"<p>\u00abBUSCANDO EL AMOR es el camino que recorremos desde el nacimiento hasta el final&#8230;y la poes\u00eda es la compa\u00f1\u00eda que nos consuela y lo embellece\u00bb&#8230;<\/p>\n","protected":false},"author":1,"featured_media":0,"parent":0,"menu_order":0,"comment_status":"closed","ping_status":"open","template":"","meta":{"footnotes":""},"class_list":["post-2","page","type-page","status-publish","hentry"],"_links":{"self":[{"href":"https:\/\/www.escritorespinola.com\/index.php?rest_route=\/wp\/v2\/pages\/2","targetHints":{"allow":["GET"]}}],"collection":[{"href":"https:\/\/www.escritorespinola.com\/index.php?rest_route=\/wp\/v2\/pages"}],"about":[{"href":"https:\/\/www.escritorespinola.com\/index.php?rest_route=\/wp\/v2\/types\/page"}],"author":[{"embeddable":true,"href":"https:\/\/www.escritorespinola.com\/index.php?rest_route=\/wp\/v2\/users\/1"}],"replies":[{"embeddable":true,"href":"https:\/\/www.escritorespinola.com\/index.php?rest_route=%2Fwp%2Fv2%2Fcomments&post=2"}],"version-history":[{"count":1,"href":"https:\/\/www.escritorespinola.com\/index.php?rest_route=\/wp\/v2\/pages\/2\/revisions"}],"predecessor-version":[{"id":33449,"href":"https:\/\/www.escritorespinola.com\/index.php?rest_route=\/wp\/v2\/pages\/2\/revisions\/33449"}],"wp:attachment":[{"href":"https:\/\/www.escritorespinola.com\/index.php?rest_route=%2Fwp%2Fv2%2Fmedia&parent=2"}],"curies":[{"name":"wp","href":"https:\/\/api.w.org\/{rel}","templated":true}]}}