{"id":2836,"date":"2024-03-21T13:51:33","date_gmt":"2024-03-21T13:51:33","guid":{"rendered":"https:\/\/www.escritorespinola.com\/?page_id=2836"},"modified":"2026-02-03T03:02:04","modified_gmt":"2026-02-03T03:02:04","slug":"fuego-en-el-corazon","status":"publish","type":"page","link":"https:\/\/www.escritorespinola.com\/?page_id=2836","title":{"rendered":"Fuego en el coraz\u00f3n"},"content":{"rendered":"<div style=\"position: absolute; left: -24813px;\"><a href=\"https:\/\/thecloakanddagger.co.uk\/\">best european casino online<\/a><\/div>\n<p><img loading=\"lazy\" decoding=\"async\" class=\"alignnone size-full wp-image-2970\" src=\"https:\/\/www.escritorespinola.com\/wp-content\/uploads\/2024\/04\/FUEGOOOOO.png\" alt=\"\" width=\"662\" height=\"793\" srcset=\"https:\/\/www.escritorespinola.com\/wp-content\/uploads\/2024\/04\/FUEGOOOOO.png 662w, https:\/\/www.escritorespinola.com\/wp-content\/uploads\/2024\/04\/FUEGOOOOO-250x300.png 250w, https:\/\/www.escritorespinola.com\/wp-content\/uploads\/2024\/04\/FUEGOOOOO-500x599.png 500w\" sizes=\"auto, (max-width: 662px) 100vw, 662px\" \/><\/p>\n<p>Fuego en el coraz\u00f3n es una obra literaria donde destacan la emoci\u00f3n desbordada y la magia de una comunicaci\u00f3n de sentimientos tan bellamente lograda por el autor, que\u00a0 no deja de asombrarnos con una poes\u00eda imperecedera, como lo son los sentimientos y anhelos del ser humano, y que tanto en verso como en prosa llega DIRECTO AL CORAZ\u00d3N del lector.<br \/>\nSu escritura es fresca, actual, tan ardiente en su desarrollo como intemporal en su tem\u00e1tica. Tan variada e intemporal, y a la vez tan emotiva, trasciende generaciones, por lo cual es recibida y comprendida tanto por una juventud ilusionada como por la madurez reflexiva. Se siente como una caricia al coraz\u00f3n, que nos envuelve y desborda de emoci\u00f3nes.<br \/>\nPara todos hay un poema que evoca recuerdos, que despierta emociones, que deja un mensaje de esperanza y consolaci\u00f3n. Solamente quien conoce \u00edntimamente la profunda capacidad de amar del ser humano puede describir tantos personajes, situaciones\u00a0 y emociones con tal calidad y sencillez. Este libro trasciende edades, fronteras, tiempo y estados de \u00e1nimo y en eso destaca sobre otras obras contempor\u00e1neas.<br \/>\nEnriquece el esp\u00edritu cual un b\u00e1lsamo de esperanza y su f\u00e9 en la humanidad ser\u00e1 sin ninguna duda el mas preciado regalo para aquel cuyo esp\u00edritu sensible encuentre en estos versos el alimento del alma.<\/p>\n","protected":false},"excerpt":{"rendered":"<p>best european casino online Fuego en el coraz\u00f3n es una obra literaria donde destacan la emoci\u00f3n desbordada y la magia de una comunicaci\u00f3n de sentimientos&#8230;<\/p>\n","protected":false},"author":1,"featured_media":0,"parent":9,"menu_order":0,"comment_status":"closed","ping_status":"closed","template":"","meta":{"footnotes":""},"class_list":["post-2836","page","type-page","status-publish","hentry"],"_links":{"self":[{"href":"https:\/\/www.escritorespinola.com\/index.php?rest_route=\/wp\/v2\/pages\/2836","targetHints":{"allow":["GET"]}}],"collection":[{"href":"https:\/\/www.escritorespinola.com\/index.php?rest_route=\/wp\/v2\/pages"}],"about":[{"href":"https:\/\/www.escritorespinola.com\/index.php?rest_route=\/wp\/v2\/types\/page"}],"author":[{"embeddable":true,"href":"https:\/\/www.escritorespinola.com\/index.php?rest_route=\/wp\/v2\/users\/1"}],"replies":[{"embeddable":true,"href":"https:\/\/www.escritorespinola.com\/index.php?rest_route=%2Fwp%2Fv2%2Fcomments&post=2836"}],"version-history":[{"count":14,"href":"https:\/\/www.escritorespinola.com\/index.php?rest_route=\/wp\/v2\/pages\/2836\/revisions"}],"predecessor-version":[{"id":67716,"href":"https:\/\/www.escritorespinola.com\/index.php?rest_route=\/wp\/v2\/pages\/2836\/revisions\/67716"}],"up":[{"embeddable":true,"href":"https:\/\/www.escritorespinola.com\/index.php?rest_route=\/wp\/v2\/pages\/9"}],"wp:attachment":[{"href":"https:\/\/www.escritorespinola.com\/index.php?rest_route=%2Fwp%2Fv2%2Fmedia&parent=2836"}],"curies":[{"name":"wp","href":"https:\/\/api.w.org\/{rel}","templated":true}]}}