{"id":37,"date":"2022-07-08T04:29:05","date_gmt":"2022-07-08T04:29:05","guid":{"rendered":"http:\/\/www.escritorespinola.com\/?page_id=37"},"modified":"2022-07-08T12:03:18","modified_gmt":"2022-07-08T12:03:18","slug":"a-la-luz-de-la-luna","status":"publish","type":"page","link":"https:\/\/www.escritorespinola.com\/?page_id=37","title":{"rendered":"A la luz de la Luna"},"content":{"rendered":"<p><img loading=\"lazy\" decoding=\"async\" class=\"alignnone size-full wp-image-54\" src=\"https:\/\/www.escritorespinola.com\/wp-content\/uploads\/2022\/07\/a-la-luz-de-la-luna-tapa.png\" alt=\"\" width=\"300\" height=\"420\" srcset=\"https:\/\/www.escritorespinola.com\/wp-content\/uploads\/2022\/07\/a-la-luz-de-la-luna-tapa.png 300w, https:\/\/www.escritorespinola.com\/wp-content\/uploads\/2022\/07\/a-la-luz-de-la-luna-tapa-214x300.png 214w\" sizes=\"auto, (max-width: 300px) 100vw, 300px\" \/><\/p>\n<p>Una obra muy bien estructurada y completa de este poeta que demuestra la madurez e inspiraci\u00f3n del autor, con un estilo propio, que invita a compartir un viaje a las emociones\u00a0 compartidas.<br \/>\nDestaca por su lenguaje sencillo, cotidiano y vital\u00a0 as\u00ed como\u00a0 por la extraordinaria capacidad del autor para describir sentimientos, emociones, sue\u00f1os y reflexiones.<\/p>\n<p>Una excelente obra, intemporal y para todas las edades,\u00a0 t\u00edpica poes\u00eda latinoamericana, l\u00edrica po\u00e9tica en verso, rima y ritmo mantenidos en toda la obra que muestra la madurez y manejo de la expresi\u00f3n de los\u00a0 sentimientos por el autor.<\/p>\n<div style=\"width: 640px;\" class=\"wp-video\"><video class=\"wp-video-shortcode\" id=\"video-37-1\" width=\"640\" height=\"352\" preload=\"metadata\" controls=\"controls\"><source type=\"video\/mp4\" src=\"https:\/\/www.escritorespinola.com\/wp-content\/uploads\/2022\/07\/video-2.mp4?_=1\" \/><a href=\"https:\/\/www.escritorespinola.com\/wp-content\/uploads\/2022\/07\/video-2.mp4\">https:\/\/www.escritorespinola.com\/wp-content\/uploads\/2022\/07\/video-2.mp4<\/a><\/video><\/div>\n","protected":false},"excerpt":{"rendered":"<p>Una obra muy bien estructurada y completa de este poeta que demuestra la madurez e inspiraci\u00f3n del autor, con un estilo propio, que invita a&#8230;<\/p>\n","protected":false},"author":1,"featured_media":0,"parent":9,"menu_order":1,"comment_status":"closed","ping_status":"closed","template":"","meta":{"footnotes":""},"class_list":["post-37","page","type-page","status-publish","hentry"],"_links":{"self":[{"href":"https:\/\/www.escritorespinola.com\/index.php?rest_route=\/wp\/v2\/pages\/37","targetHints":{"allow":["GET"]}}],"collection":[{"href":"https:\/\/www.escritorespinola.com\/index.php?rest_route=\/wp\/v2\/pages"}],"about":[{"href":"https:\/\/www.escritorespinola.com\/index.php?rest_route=\/wp\/v2\/types\/page"}],"author":[{"embeddable":true,"href":"https:\/\/www.escritorespinola.com\/index.php?rest_route=\/wp\/v2\/users\/1"}],"replies":[{"embeddable":true,"href":"https:\/\/www.escritorespinola.com\/index.php?rest_route=%2Fwp%2Fv2%2Fcomments&post=37"}],"version-history":[{"count":0,"href":"https:\/\/www.escritorespinola.com\/index.php?rest_route=\/wp\/v2\/pages\/37\/revisions"}],"up":[{"embeddable":true,"href":"https:\/\/www.escritorespinola.com\/index.php?rest_route=\/wp\/v2\/pages\/9"}],"wp:attachment":[{"href":"https:\/\/www.escritorespinola.com\/index.php?rest_route=%2Fwp%2Fv2%2Fmedia&parent=37"}],"curies":[{"name":"wp","href":"https:\/\/api.w.org\/{rel}","templated":true}]}}