{"id":39,"date":"2022-07-08T04:29:34","date_gmt":"2022-07-08T04:29:34","guid":{"rendered":"http:\/\/www.escritorespinola.com\/?page_id=39"},"modified":"2022-07-08T12:02:13","modified_gmt":"2022-07-08T12:02:13","slug":"buscando-el-amor","status":"publish","type":"page","link":"https:\/\/www.escritorespinola.com\/?page_id=39","title":{"rendered":"Buscando el amor"},"content":{"rendered":"<p><img loading=\"lazy\" decoding=\"async\" class=\"alignnone size-full wp-image-58\" src=\"https:\/\/www.escritorespinola.com\/wp-content\/uploads\/2022\/07\/buscando-el-amor-tapa.png\" alt=\"\" width=\"300\" height=\"420\" srcset=\"https:\/\/www.escritorespinola.com\/wp-content\/uploads\/2022\/07\/buscando-el-amor-tapa.png 300w, https:\/\/www.escritorespinola.com\/wp-content\/uploads\/2022\/07\/buscando-el-amor-tapa-214x300.png 214w\" sizes=\"auto, (max-width: 300px) 100vw, 300px\" \/><\/p>\n<p>Este poemario es fruto de un trabajo muy bien elaborado y minucioso, dando muestras de versatilidad y buen hacer en el uso del lenguaje po\u00e9tico en verso y rima, que muestran en cada uno de los poemas una unidad de argumento y desarrollo. Desde el\u00a0 comienzo al fin de cada poema el autor\u00a0 logra trasmitir su\u00a0 mensaje<br \/>\ny llegar a lo m\u00e1s \u00edntimo del coraz\u00f3n del lector\/a.Porque de eso trata la buena poes\u00eda, de llegar al coraz\u00f3n del lector, de traspasar barreras de tiempo y espacio, de hacer obras intemporales y a la vez, siempre actuales.<\/p>\n<p>Es a la vez positivista y emotiva, siendo el 4\u00ba libro de este autor que se muestra en su madurez creativa y que ha realizado\u00a0 con esmero todos y cada uno de los 31 poemas con los cuales recorre toda una gama de sentimientos, situaciones y emociones en forma magistral.<\/p>\n<p>Una obra imprescindible de la literatura latinoamericana y que se quedar\u00e1 en el recuerdo y la biblioteca de cada lector que guste de las emociones compartidas por medio de una poes\u00eda y l\u00edrica impecables<\/p>\n<div style=\"width: 640px;\" class=\"wp-video\"><video class=\"wp-video-shortcode\" id=\"video-39-1\" width=\"640\" height=\"352\" preload=\"metadata\" controls=\"controls\"><source type=\"video\/mp4\" src=\"https:\/\/www.escritorespinola.com\/wp-content\/uploads\/2022\/07\/video-3.mp4?_=1\" \/><a href=\"https:\/\/www.escritorespinola.com\/wp-content\/uploads\/2022\/07\/video-3.mp4\">https:\/\/www.escritorespinola.com\/wp-content\/uploads\/2022\/07\/video-3.mp4<\/a><\/video><\/div>\n","protected":false},"excerpt":{"rendered":"<p>Este poemario es fruto de un trabajo muy bien elaborado y minucioso, dando muestras de versatilidad y buen hacer en el uso del lenguaje po\u00e9tico&#8230;<\/p>\n","protected":false},"author":1,"featured_media":0,"parent":9,"menu_order":3,"comment_status":"closed","ping_status":"closed","template":"","meta":{"footnotes":""},"class_list":["post-39","page","type-page","status-publish","hentry"],"_links":{"self":[{"href":"https:\/\/www.escritorespinola.com\/index.php?rest_route=\/wp\/v2\/pages\/39","targetHints":{"allow":["GET"]}}],"collection":[{"href":"https:\/\/www.escritorespinola.com\/index.php?rest_route=\/wp\/v2\/pages"}],"about":[{"href":"https:\/\/www.escritorespinola.com\/index.php?rest_route=\/wp\/v2\/types\/page"}],"author":[{"embeddable":true,"href":"https:\/\/www.escritorespinola.com\/index.php?rest_route=\/wp\/v2\/users\/1"}],"replies":[{"embeddable":true,"href":"https:\/\/www.escritorespinola.com\/index.php?rest_route=%2Fwp%2Fv2%2Fcomments&post=39"}],"version-history":[{"count":0,"href":"https:\/\/www.escritorespinola.com\/index.php?rest_route=\/wp\/v2\/pages\/39\/revisions"}],"up":[{"embeddable":true,"href":"https:\/\/www.escritorespinola.com\/index.php?rest_route=\/wp\/v2\/pages\/9"}],"wp:attachment":[{"href":"https:\/\/www.escritorespinola.com\/index.php?rest_route=%2Fwp%2Fv2%2Fmedia&parent=39"}],"curies":[{"name":"wp","href":"https:\/\/api.w.org\/{rel}","templated":true}]}}