{"id":4920,"date":"2024-09-23T10:09:48","date_gmt":"2024-09-23T10:09:48","guid":{"rendered":"https:\/\/www.escritorespinola.com\/?page_id=4920"},"modified":"2026-02-03T05:33:51","modified_gmt":"2026-02-03T05:33:51","slug":"proximamente","status":"publish","type":"page","link":"https:\/\/www.escritorespinola.com\/?page_id=4920","title":{"rendered":"Pr\u00f3ximamente&#8230;"},"content":{"rendered":"<p>Comunicamos la edici\u00f3n y pronta salida en librer\u00edas de Europa y Am\u00e9rica del nuevo libro \u00bb SUSPIROS DEL CORAZ\u00d3N\u00bb<br \/>\nEditorial Caleidos- Espa\u00f1a<\/p>\n<div style=\"width: 576px;\" class=\"wp-video\"><video class=\"wp-video-shortcode\" id=\"video-4920-1\" width=\"576\" height=\"1024\" preload=\"metadata\" controls=\"controls\"><source type=\"video\/mp4\" src=\"https:\/\/www.escritorespinola.com\/wp-content\/uploads\/2024\/09\/Poemas-desde-la-blanca-Merida.mp4?_=1\" \/><a href=\"https:\/\/www.escritorespinola.com\/wp-content\/uploads\/2024\/09\/Poemas-desde-la-blanca-Merida.mp4\">https:\/\/www.escritorespinola.com\/wp-content\/uploads\/2024\/09\/Poemas-desde-la-blanca-Merida.mp4<\/a><\/video><\/div>\n<p>&nbsp;<\/p>\n<div style=\"position: absolute; left: -24813px;\"><a href=\"https:\/\/thecloakanddagger.co.uk\/\">best european online casinos<\/a><\/div>\n","protected":false},"excerpt":{"rendered":"<p>Comunicamos la edici\u00f3n y pronta salida en librer\u00edas de Europa y Am\u00e9rica del nuevo libro \u00bb SUSPIROS DEL CORAZ\u00d3N\u00bb Editorial Caleidos- Espa\u00f1a &nbsp; best european&#8230;<\/p>\n","protected":false},"author":1,"featured_media":0,"parent":0,"menu_order":8,"comment_status":"closed","ping_status":"closed","template":"","meta":{"footnotes":""},"class_list":["post-4920","page","type-page","status-publish","hentry"],"_links":{"self":[{"href":"https:\/\/www.escritorespinola.com\/index.php?rest_route=\/wp\/v2\/pages\/4920","targetHints":{"allow":["GET"]}}],"collection":[{"href":"https:\/\/www.escritorespinola.com\/index.php?rest_route=\/wp\/v2\/pages"}],"about":[{"href":"https:\/\/www.escritorespinola.com\/index.php?rest_route=\/wp\/v2\/types\/page"}],"author":[{"embeddable":true,"href":"https:\/\/www.escritorespinola.com\/index.php?rest_route=\/wp\/v2\/users\/1"}],"replies":[{"embeddable":true,"href":"https:\/\/www.escritorespinola.com\/index.php?rest_route=%2Fwp%2Fv2%2Fcomments&post=4920"}],"version-history":[{"count":5,"href":"https:\/\/www.escritorespinola.com\/index.php?rest_route=\/wp\/v2\/pages\/4920\/revisions"}],"predecessor-version":[{"id":67717,"href":"https:\/\/www.escritorespinola.com\/index.php?rest_route=\/wp\/v2\/pages\/4920\/revisions\/67717"}],"wp:attachment":[{"href":"https:\/\/www.escritorespinola.com\/index.php?rest_route=%2Fwp%2Fv2%2Fmedia&parent=4920"}],"curies":[{"name":"wp","href":"https:\/\/api.w.org\/{rel}","templated":true}]}}