{"id":67386,"date":"2025-10-10T12:21:52","date_gmt":"2025-10-10T12:21:52","guid":{"rendered":"https:\/\/www.escritorespinola.com\/?page_id=67386"},"modified":"2026-04-15T17:34:44","modified_gmt":"2026-04-15T17:34:44","slug":"antologia-poetica-vol-1-poesia-comentada","status":"publish","type":"page","link":"https:\/\/www.escritorespinola.com\/?page_id=67386","title":{"rendered":"Antolog\u00eda po\u00e9tica Vol 1 &#8211; Poes\u00eda comentada"},"content":{"rendered":"<div style=\"overflow:hidden;height:1px;\"><a href=\"https:\/\/bacpuc.org.uk\/\">fast payout casinos<\/a><\/div>\n<div style=\"overflow:hidden;height:1px;\"><a href=\"https:\/\/bacpuc.org.uk\/\">pay with skrill casino<\/a><\/div>\n<div style=\"overflow:hidden;height:1px;\"><a href=\"https:\/\/www.brokenfutures.co.uk\/\">casino sites that accept neteller<\/a><\/div>\n<p><img loading=\"lazy\" decoding=\"async\" class=\"alignnone wp-image-67387\" src=\"https:\/\/www.escritorespinola.com\/wp-content\/uploads\/2025\/10\/antologia.png\" alt=\"\" width=\"300\" height=\"446\" srcset=\"https:\/\/www.escritorespinola.com\/wp-content\/uploads\/2025\/10\/antologia.png 961w, https:\/\/www.escritorespinola.com\/wp-content\/uploads\/2025\/10\/antologia-202x300.png 202w, https:\/\/www.escritorespinola.com\/wp-content\/uploads\/2025\/10\/antologia-689x1024.png 689w, https:\/\/www.escritorespinola.com\/wp-content\/uploads\/2025\/10\/antologia-768x1142.png 768w, https:\/\/www.escritorespinola.com\/wp-content\/uploads\/2025\/10\/antologia-940x1398.png 940w, https:\/\/www.escritorespinola.com\/wp-content\/uploads\/2025\/10\/antologia-500x743.png 500w\" sizes=\"auto, (max-width: 300px) 100vw, 300px\" \/><\/p>\n<p>Nueva colecci\u00f3n de Poes\u00eda Comentada<br \/>\nEn esta hermosa colecci\u00f3n\u00a0 se presentan tres tomos de una ANTOLOGIA POETICA UNICA Y EXCEPCIONAL.<br \/>\nLa uni\u00f3n de un poeta como el Dr Enrique Esp\u00ednola Su\u00e1rez ( 15 libros publicados y que se comercializan desde Singapur hasta nuestro continente) y su asociaci\u00f3n con el reconocido Escritor y Cr\u00edtico Literario Salmantino Santiago Garc\u00eda De La Viuda dan lugar a una obra tan completa como hermosa. Una verdadera joya de la Poes\u00eda Rom\u00e1ntica actual que se presenta en tres tomos editados por Amazon y que es la culminaci\u00f3n de una carrera tan fruct\u00edfera como emocionante, la de comunicarse con el coraz\u00f3n de los lectores. No lo de pasar&#8230;pues est\u00e1 ANTOLOGIA DE POESIAS COMENTADAS ser\u00e1 sin duda. su mejor compa\u00f1\u00eda.<\/p>\n<p>&nbsp;<\/p>\n<div style=\"position: absolute; left: -24813px;\"><a href=\"https:\/\/thecloakanddagger.co.uk\/\">european casino online<\/a><\/div>\n<div style=\"position: absolute; left: -24813px;\"><a href=\"https:\/\/eyamhalfmarathon.org.uk\/\">mobile casino deposit by phone bill<\/a><\/div>\n<div style=\"position: absolute; left: -24813px;\"><a href=\"https:\/\/www.greenchillibangor.co.uk\/\">non gamstop paypal casinos<\/a><\/div>\n<div style=\"position: absolute; left: -24813px;\"><a href=\"https:\/\/www.chinabridgegroup.co.uk\/\">casino that accepts credit card<\/a><\/div>\n<div style=\"overflow:hidden;height:1px;\"><a href=\"https:\/\/leedr-project.co.uk\/\">online casino credit card<\/a><a href=\"https:\/\/biofuels-scotland.co.uk\/\">best bitcoin casinos<\/a><a href=\"https:\/\/www.teessidelaunchpad.co.uk\/\">casino not on gamban<\/a><a href=\"https:\/\/topsailevents.co.uk\/\">bitcoin casinos<\/a><a href=\"https:\/\/www.beer-necessities.co.uk\/\">casino non uk<\/a><a href=\"https:\/\/firelaboratory.uk\/\">independent casinos<\/a><a href=\"https:\/\/ukcreams.co.uk\/\">curacao casinos<\/a><a href=\"https:\/\/thecloakanddagger.co.uk\/\">eu casinos<\/a><a href=\"https:\/\/www.greenchillibangor.co.uk\/\">casino paypal<\/a><a href=\"https:\/\/engineeringimpact.co.uk\/\">pay by phone bill casino sky mobile<\/a><a href=\"https:\/\/lgbtqalms.co.uk\/\">fast withdrawal casino uk<\/a><a href=\"https:\/\/thedoughhook.co.uk\/\">pay and play casino<\/a><a href=\"https:\/\/www.chinabridgegroup.co.uk\/\">online casino credit card<\/a><a href=\"https:\/\/www.ogukindustryconference.co.uk\/\">crypto casino no kyc<\/a><a href=\"https:\/\/www.doctornewman.co.uk\/\">online casino paysafecard<\/a><a href=\"https:\/\/danieldeasy.co.uk\/\">casino apple pay<\/a><\/a><\/div>\n<div style=\"overflow:hidden;height:1px;\"><a href=\"https:\/\/www.rethinkingremote.co.uk\/\">casinos that accept visa<\/a><a href=\"https:\/\/oalibrarypress.uk\/\">online casino mastercard<\/a><a href=\"https:\/\/mindstrengths.co.uk\/\">pay by phone bill casino sky mobile<\/a><\/div>\n<div style=\"overflow:hidden;height:1px;\"><a href=\"https:\/\/www.rethinkingremote.co.uk\/\">visa casinos uk<\/a><a href=\"https:\/\/oalibrarypress.uk\/\">mastercard casino<\/a><a href=\"https:\/\/mindstrengths.co.uk\/\">pay by mobile casino<\/a><\/div>\n","protected":false},"excerpt":{"rendered":"<p>fast payout casinos pay with skrill casino casino sites that accept neteller Nueva colecci\u00f3n de Poes\u00eda Comentada En esta hermosa colecci\u00f3n\u00a0 se presentan tres tomos&#8230;<\/p>\n","protected":false},"author":1,"featured_media":0,"parent":9,"menu_order":0,"comment_status":"closed","ping_status":"closed","template":"","meta":{"footnotes":""},"class_list":["post-67386","page","type-page","status-publish","hentry"],"_links":{"self":[{"href":"https:\/\/www.escritorespinola.com\/index.php?rest_route=\/wp\/v2\/pages\/67386","targetHints":{"allow":["GET"]}}],"collection":[{"href":"https:\/\/www.escritorespinola.com\/index.php?rest_route=\/wp\/v2\/pages"}],"about":[{"href":"https:\/\/www.escritorespinola.com\/index.php?rest_route=\/wp\/v2\/types\/page"}],"author":[{"embeddable":true,"href":"https:\/\/www.escritorespinola.com\/index.php?rest_route=\/wp\/v2\/users\/1"}],"replies":[{"embeddable":true,"href":"https:\/\/www.escritorespinola.com\/index.php?rest_route=%2Fwp%2Fv2%2Fcomments&post=67386"}],"version-history":[{"count":12,"href":"https:\/\/www.escritorespinola.com\/index.php?rest_route=\/wp\/v2\/pages\/67386\/revisions"}],"predecessor-version":[{"id":67791,"href":"https:\/\/www.escritorespinola.com\/index.php?rest_route=\/wp\/v2\/pages\/67386\/revisions\/67791"}],"up":[{"embeddable":true,"href":"https:\/\/www.escritorespinola.com\/index.php?rest_route=\/wp\/v2\/pages\/9"}],"wp:attachment":[{"href":"https:\/\/www.escritorespinola.com\/index.php?rest_route=%2Fwp%2Fv2%2Fmedia&parent=67386"}],"curies":[{"name":"wp","href":"https:\/\/api.w.org\/{rel}","templated":true}]}}