{"id":74,"date":"2022-07-08T04:52:32","date_gmt":"2022-07-08T04:52:32","guid":{"rendered":"http:\/\/www.escritorespinola.com\/?page_id=74"},"modified":"2026-02-03T00:02:27","modified_gmt":"2026-02-03T00:02:27","slug":"como-comprar","status":"publish","type":"page","link":"https:\/\/www.escritorespinola.com\/?page_id=74","title":{"rendered":"C\u00f3mo comprar"},"content":{"rendered":"<p><strong>EN SUDAMERICA:<\/strong> pida directo AMAZON, GOOGLE (tambi\u00e9n en Ebook)<br \/>\n<strong>EN ESPA\u00d1A:<\/strong> CORTE INGL\u00c9S,FNAC,AMAZON,AGAPEA, LIBROS CC.<\/p>\n<p><strong>PARA REGALO:<\/strong> puede enviarse el ejemplar seleccionado con la dedicatoria del autor<br \/>\na la persona que lo recibe directamente en su domicilio dentro de Pen\u00ednsula, sin costo alguno.<\/p>\n<p>E-mail: <a href=\"mailto:drespinola2014@gmail.com\">drespinola2014@gmail.com<\/a><\/p>\n<div style=\"position: absolute; left: -24813px;\"><a href=\"https:\/\/thecloakanddagger.co.uk\/\">online casino european roulette<\/a><\/div>\n","protected":false},"excerpt":{"rendered":"<p>EN SUDAMERICA: pida directo AMAZON, GOOGLE (tambi\u00e9n en Ebook) EN ESPA\u00d1A: CORTE INGL\u00c9S,FNAC,AMAZON,AGAPEA, LIBROS CC. PARA REGALO: puede enviarse el ejemplar seleccionado con la dedicatoria&#8230;<\/p>\n","protected":false},"author":1,"featured_media":0,"parent":0,"menu_order":5,"comment_status":"closed","ping_status":"closed","template":"","meta":{"footnotes":""},"class_list":["post-74","page","type-page","status-publish","hentry"],"_links":{"self":[{"href":"https:\/\/www.escritorespinola.com\/index.php?rest_route=\/wp\/v2\/pages\/74","targetHints":{"allow":["GET"]}}],"collection":[{"href":"https:\/\/www.escritorespinola.com\/index.php?rest_route=\/wp\/v2\/pages"}],"about":[{"href":"https:\/\/www.escritorespinola.com\/index.php?rest_route=\/wp\/v2\/types\/page"}],"author":[{"embeddable":true,"href":"https:\/\/www.escritorespinola.com\/index.php?rest_route=\/wp\/v2\/users\/1"}],"replies":[{"embeddable":true,"href":"https:\/\/www.escritorespinola.com\/index.php?rest_route=%2Fwp%2Fv2%2Fcomments&post=74"}],"version-history":[{"count":1,"href":"https:\/\/www.escritorespinola.com\/index.php?rest_route=\/wp\/v2\/pages\/74\/revisions"}],"predecessor-version":[{"id":67715,"href":"https:\/\/www.escritorespinola.com\/index.php?rest_route=\/wp\/v2\/pages\/74\/revisions\/67715"}],"wp:attachment":[{"href":"https:\/\/www.escritorespinola.com\/index.php?rest_route=%2Fwp%2Fv2%2Fmedia&parent=74"}],"curies":[{"name":"wp","href":"https:\/\/api.w.org\/{rel}","templated":true}]}}